{"id":925,"date":"2018-05-14T11:51:41","date_gmt":"2018-05-14T09:51:41","guid":{"rendered":"https:\/\/www.caseificiozucchelli.com\/?page_id=925"},"modified":"2018-05-28T14:50:57","modified_gmt":"2018-05-28T12:50:57","slug":"privacy-policy","status":"publish","type":"page","link":"https:\/\/www.caseificiozucchelli.com\/en\/privacy-policy\/","title":{"rendered":"Privacy Policy"},"content":{"rendered":"<h1>Privacy Policy<\/h1>\n<h3>Titolare del trattamento dei dati<\/h3>\n<p>Caseificio Zucchelli S.R.L., Cascina Marmorina di Orio Litta LO, P.IVA\u00a004562160152<\/p>\n<p>Dati di contatto: info@caseificiozucchelli.com<\/p>\n<p>A tale mail gli interessati potranno rivolgersi per iscritto per l\u2019esercizio dei diritti sanciti dal Reg. Ue 679\/2016.<\/p>\n<h3>Responsabile del trattamento dei dati<\/h3>\n<p>Per eventuali domande sulla presente informativa sulla privacy o per esercitare i Vostri diritti, ottenere la conferma dell\u2019esistenza o meno dei medesimi dati e di conoscerne il contenuto e l\u2019origine, verificarne l\u2019esattezza o chiederne l\u2019integrazione o l\u2019aggiornamento, oppure la rettificazione (art. 7 del d.lgs. n. 196\/2003) o la cancellazione, vi preghiamo di contattare il nostro responsabile\u00a0<strong>Alberto Abb\u00e0<\/strong>\u00a0tramite:<\/p>\n<ul>\n<li>telefono, al numero 0377 \u2013 804232<\/li>\n<li>email, all\u2019indirizzo\u00a0info@caseificiozucchelli.com<\/li>\n<li>per iscritto, all\u2019indirizzo Cascina Marmorina di Orio Litta (LO)<\/li>\n<\/ul>\n<h3>Contenuto informativa<\/h3>\n<p>La presente informativa regoler\u00e0 tutti i rapporti tra Caseificio Zucchelli S.R.L. con P.IVA 04562160152 la cui sede legale \u00e8 in Cascina Marmorina di Orio Litta (LO), e il Cliente richiedente, durante il processo di iscrizione e contatto.<\/p>\n<p>I responsabili del controllo di dati all\u2019interno del Gruppo possono cambiare di volta in volta in base agli sviluppi nell\u2019attivit\u00e0 del Gruppo stesso.<\/p>\n<p>Questa pagina ha lo scopo di descrivere le modalit\u00e0 di gestione del sito in riferimento al trattamento dei dati personali degli utenti visitatori che lo consultano. Si tratta di un\u2019informativa resa anche ai sensi dell\u2019art. 13 del d.lgs. n. 196\/2003 \u2013 Codice in materia di protezione dei dati personali a coloro che si collegano al nostro sito web (di seguito \u201cSito Web\u201d) accedendo per via telematica ai servizi web. L\u2019informativa \u00e8 resa per il Sito Web e non anche per altri siti web eventualmente consultati dall\u2019utente tramite link.<\/p>\n<p>L\u2019informativa si ispira anche alla direttiva 2009\/136\/CE, che ha introdotto nuove norme in materia di cookies, ed alla Raccomandazione n. 2\/2001 adottata dalle autorit\u00e0 europee per la protezione dei dati personali per individuare alcuni requisiti minimi per la raccolta di dati personali on-line, e, in particolare, le modalit\u00e0, i tempi e la natura delle informazioni che i titolari del trattamento devono fornire agli utenti quando questi si collegano a pagine web, indipendentemente dagli scopi del collegamento.<\/p>\n<p>Nell\u2019ambito della nostra attivit\u00e0 quotidiana, dobbiamo raccogliere dati personali da parte dei nostri clienti attuali e potenziali per poter soddisfare le loro esigenze rispetto a una gamma di servizi e fornire loro informazioni sui nostri servizi. La privacy del Cliente per noi \u00e8 importante. La nostra politica \u00e8 quella di rispettare la riservatezza delle informazioni e la privacy degli individui. La presente informativa delinea in che modo gestiamo i dati personali fornitici dai clienti o da terzi in relazione alla nostra prestazione di servizi, o che raccogliamo durante l\u2019uso che i clienti fanno dei nostri servizi e\/o dei nostri siti web. L\u2019informativa descrive inoltre i diritti dei clienti relativamente alla nostra elaborazione dei loro dati personali. La nostra informativa sulla privacy sar\u00e0 periodicamente revisionata e modificata tenendo conto dei nuovi obblighi, dell\u2019evoluzione tecnologica e delle modifiche apportate alle nostre pratiche operative, al fine di tenerla costantemente aggiornata in un contesto in continua evoluzione. Qualsiasi dato personale da noi detenuto sar\u00e0 disciplinato dalla nostra pi\u00f9 recente informativa sulla privacy. Qualsiasi riferimento a \u201cnoi\u201d, \u201cnostro\/a\u201d, \u201cnostri\/e\u201d nella presente informativa sulla privacy \u00e8 un riferimento alla nostra azienda come richiesto dal contesto, se non diversamente specificato. Allo stesso modo, qualsiasi riferimento a \u201cVoi\u201d o \u201cVostro\u201d nella presente informativa sulla privacy \u00e8 un riferimento a qualsiasi nostro cliente attuale o potenziale come richiesto dal contesto se non diversamente specificato.<\/p>\n<h3>Quale genere di dati personali raccogliamo?<\/h3>\n<p>Se siete un cliente attuale o potenziale, possiamo raccogliere i diversi tipi di informazioni su di Voi in diversi modi attraverso l\u2019uso che Voi fate dei nostri servizi o di altri rapporti con noi, i moduli di contatto, i moduli di iscrizione. Potremmo anche raccogliere queste informazioni su di Voi da terzi, sia attraverso liste di marketing acquistate da terze parti, da fonti pubbliche o attraverso un nostro schema per la presentazione di nuovi clienti da parte di quelli gi\u00e0 esistenti.<\/p>\n<p>Possiamo anche ottenere dati personali su di Voi attraverso l\u2019uso che fate dei nostri siti web attraverso l\u2019utilizzo di cookie sui nostri siti web e\/o applicazioni, in particolare registrando quali pagine visitate sui nostri siti web. Possiamo chiedervi periodicamente di fornirci volontariamente altri dati personali (ad esempio attraverso ricerche di mercato, indagini o offerte speciali). In caso di mancato conferimento da parte Vostra di dati a noi necessari per soddisfare una Vostra richiesta in ordine a uno specifico prodotto o servizio, potremmo non essere in grado di fornirVi il prodotto o il servizio richiesto. Potremo registrare qualsiasi comunicazione, sia essa elettronica, telefonica, in persona o di altro tipo che potremo avere con Voi in relazione ai servizi che Vi forniamo o al nostro rapporto con Voi. Tali registrazioni saranno di nostra esclusiva propriet\u00e0 e costituiranno prova dell\u2019avvenuta comunicazione tra noi e Voi.<\/p>\n<p>Inoltre i sistemi informatici e le procedure software preposte al funzionamento del Sito Web acquisiscono, nel corso del loro normale esercizio, alcuni dati personali la cui trasmissione \u00e8 implicita nell\u2019uso dei protocolli di comunicazione di Internet. Si tratta di informazioni che non sono raccolte per essere associate a interessati identificati, ma che per loro stessa natura potrebbero, attraverso elaborazioni ed associazioni con dati detenuti da terzi, permettere di identificare i computer che si connettono al sito. In questa categoria di dati rientrano gli indirizzi IP o i nomi a dominio dei computer utilizzati dagli utenti che si connettono al Sito Web, gli indirizzi in notazione URI (Uniform Resource Identifier) delle risorse richieste, l\u2019orario della richiesta, il metodo utilizzato nel sottoporre la richiesta al server, la dimensione del file ottenuto in risposta, il codice numerico indicante lo stato della risposta data dal server (buon fine, errore, ecc.) ed altri parametri relativi al sistema operativo e all\u2019ambiente informatico dell\u2019utente. Questi dati potrebbero essere utilizzati al solo fine di ricavare informazioni statistiche anonime sull\u2019uso del Sito Web e per controllarne il corretto funzionamento. I dati potrebbero essere utilizzati per l\u2019accertamento di responsabilit\u00e0 in caso di ipotetici reati informatici ai danni del sito.<\/p>\n<h3>A chi possiamo trasmettere i dati personali?<\/h3>\n<p>Nell\u2019ambito dell\u2019uso dei Vostri dati personali per le finalit\u00e0 sopra indicate, possiamo divulgare i Vostri dati ad altre societ\u00e0 del Gruppo e altri servizi di back office; a fornitori di servizi e consulenti specialistici da noi incaricati; ad agenti intermediari con i quali abbiamo istituito un rapporto di reciprocit\u00e0; a chiunque sia da Voi autorizzato. In linea generale esigiamo che le societ\u00e0 esterne al Gruppo che gestiscono e trattano dati personali riconoscano la riservatezza di tali dati, si impegnino a rispettare il diritto alla riservatezza di qualunque individuo e operino in conformit\u00e0 alle previsioni normative vigenti in materia di protezione dei dati, nonch\u00e9 alla presente informativa sulla privacy. I fornitori esterni di servizi, possono tenere un registro delle ricerche effettuate per nostro conto e possono utilizzare i dati di ricerca per assistere altre societ\u00e0 nell\u2019esecuzione delle loro ricerche. Si noti che l\u2019uso dei Vostri dati personali da parte di terzi esterni che agiscono in qualit\u00e0 di responsabili del trattamento dei Vostri dati personali non \u00e8 coperto dalla presente informativa sulla privacy e non \u00e8 soggetto ai nostri standard e alle nostre politiche sulla privacy.<\/p>\n<h3>Come otteniamo il vostro consenso?<\/h3>\n<p>Nei casi in cui il nostro uso dei Vostri dati personali richieda il Vostro consenso, tale consenso sar\u00e0 fornito in base al contesto, attraverso moduli di contatto, moduli di iscrizione. Posto che noi ci affidiamo al Vostro consenso come base giuridica per l\u2019elaborazione dei Vostri dati personali, Voi avete il diritto di ritirare tale consenso in qualsiasi momento, contattandoci utilizzando i recapiti di contatto indicati nella presente informativa sulla privacy.<\/p>\n<h3>Come gestiamo i dati personali?<\/h3>\n<p>Adottiamo sempre misure tecniche e organizzative adeguate per garantire la sicurezza delle Vostre informazioni. In particolare, formiamo il personale deputato alla gestione dei dati personali al rispetto della riservatezza dei dati dei clienti e alla privacy dei singoli. Ci occupiamo delle violazioni della privacy in maniera molto seria e adottiamo severe misure disciplinari, ivi compreso, ove necessario, il licenziamento. Abbiamo nominato un Responsabile della Sicurezza delle Informazioni per garantire che la nostra gestione dei dati personali sia conforme alla presente informativa sulla privacy e alla legislazione vigente applicabile.<\/p>\n<h3>Modalit\u00e0 e tempistiche di archiviazione dei dati personali<\/h3>\n<p>La salvaguardia della privacy dei dati del Cliente per noi \u00e8 importante, sia che il Cliente interagisca con noi di persona, al telefono, a mezzo posta, su internet o attraverso altri mezzi elettronici. I dati personali forniti sono trattati con la massima riservatezza, essi sono conservati in un sistema di archiviazione computerizzato<\/p>\n<p>protetto, in copia cartacea o mediante altre modalit\u00e0 di registrazione. Sono adottate misure specifiche contro l\u2019abuso, la perdita, l\u2019accesso non autorizzato, la manipolazione o la diffusione di dati personali. Nel momento in cui tali dati personali non saranno pi\u00f9 ritenuti necessari, provvederemo alla rimozione di qualsiasi dettaglio che possa portare all\u2019identificazione del Cliente o provvederemo alla distruzione della documentazione archiviata.<\/p>\n<p>Tuttavia, potremmo avere la necessit\u00e0 di tenere gli archivi per un periodo di tempo rilevante. Se conserviamo dati personali sotto forma di comunicazione registrata, per telefono, per via elettronica, di persona o in altro modo, tali dati saranno conservati in ottemperanza alla normativa locale applicabile per un periodo di 5 o 10 anni dopo la conclusione della nostra relazione commerciale con Voi. Se avete scelto di non ricevere comunicazioni di marketing, conserveremo il Vostro indirizzo email nella nostra lista di esclusione in modo da rispettare il vostro dissenso a ricevere tali comunicazioni.<\/p>\n<h3>Trasferimenti al di fuori dello spazio economico europeo<\/h3>\n<p>Potremo trasferire i Vostri dati personali al di fuori dello Spazio economico europeo ad altre societ\u00e0 del Gruppo, nonch\u00e9 ad altre societ\u00e0 di elaborazione che operano per nostro conto (\u201cCessionari\u201d). Nella misura in cui trasferiamo le Vostre informazioni al di fuori dello Spazio economico europeo, ci assicureremo che il trasferimento sia legittimo e che vengano adottate adeguate disposizioni di sicurezza. Al fine di trasferire i dati personali a soggetti terzi in territori che non hanno riscontri di adeguatezza da parte dell\u2019autorit\u00e0 competente e delle normative applicabili, stipuliamo con i cessionari accordi che garantiscano appropriate ed adeguate salvaguardie sulla base di condizioni contrattuali standard adottate dalla Commissione Europea.<\/p>\n<h3>Cookie, che cosa sono e in che modo li utilizziamo?<\/h3>\n<p>Un cookie \u00e8 una breve stringa di testo memorizzata nel Vostro computer quando visitate un sito web. Utilizziamo i cookie sui nostri siti web per offrirVi un\u2019esperienza pi\u00f9 rilevante ed efficace, ad esempio con la presentazione di pagine web in base alle Vostre esigenze o preferenze.<\/p>\n<p>Ci adoperiamo costantemente per migliorare le funzionalit\u00e0 di questo sito attraverso le dovute modifiche di carattere tecnologico. Questo potrebbe comportare dei cambiamenti nelle modalit\u00e0 di raccolta e di utilizzo dei dati personali. L\u2019impatto di qualsiasi modifica di carattere tecnologico che possa riguardare la Vostra privacy verr\u00e0 comunicato nella presente Informativa sulla privacy nel momento stesso della modifica.<\/p>\n<p>I nostri siti web possono contenere collegamenti a siti esterni di soggetti terzi. Si prega comunque di notare che i siti di soggetti terzi non rientrano nell\u2019ambito di applicazione della presente Informativa sulla privacy e non sono soggetti ai nostri standard e politiche di tutela della privacy. Si prega di verificare con ogni soggetto terzo per quanto riguarda le loro pratiche e procedure in merito alla privacy.<\/p>\n<p>Nel file qui allegato \u00e8 stilato l\u2019elenco dei Cookie presenti in questo sito web.<\/p>\n<p><a href=\"https:\/\/www.caseificiozucchelli.com\/wp-content\/uploads\/2018\/05\/compliancetest-www.caseificiozucchelli.com-830586.pdf\"><strong>Report Analisi Dei Cookies.<\/strong><\/a><\/p>\n<h3>Come disattivare i Cookie?<\/h3>\n<p>La maggioranza dei browser Internet sono inizialmente impostati per accettare i cookies in modo automatico. L\u2019utente pu\u00f2 modificare queste impostazioni per bloccare i cookies o per avvertire che dei cookies vengono mandati al dispositivo dell\u2019utente medesimo. Esistono vari modi per gestire i cookies. L\u2019utente pu\u00f2 fare riferimento al manuale d\u2019istruzioni o alla schermata di aiuto del suo browser per scoprire come regolare o modificare le impostazioni del suo browser.<\/p>\n<p>In caso di dispositivi diversi (per esempio computer, smartphone, tablet, ecc.), l\u2019utente dovr\u00e0 assicurarsi che ciascun browser su ciascun dispositivo sia regolato per riflettere le proprie preferenze relative ai cookies.<\/p>\n<p>Se si vuole eliminare i cookie installati nella apposita cartella del browser utilizzato, ciascuno di essi ha la sua modalit\u00e0 peculiare, illustrata ai link sottostanti.<\/p>\n<ul>\n<li>Microsoft Windows Explorer: http:\/\/windows.microsoft.com\/en-us\/windows-vista\/block-or-allow-cookies<\/li>\n<li>Google Chrome: https:\/\/support.google.com\/chrome\/bin\/answer.py?hl=en&amp;answer=95647&amp;p=cpn_cookies<\/li>\n<li>Mozilla Firefox: http:\/\/support.mozilla.org\/en-US\/kb\/Enabling%20and%20disabling%20cookies<\/li>\n<li>Apple Safari: http:\/\/docs.info.apple.com\/article.html?path=Safari\/5.0\/en\/9277.html<\/li>\n<\/ul>\n<h3>In caso di reclamo<\/h3>\n<p>In caso di dubbi riguardanti un qualsiasi aspetto delle nostre politiche sulla privacy, potrete sporgere un reclamo. Il reclamo sar\u00e0 esaminato tempestivamente.<\/p>\n","protected":false},"excerpt":{"rendered":"<p>Privacy Policy Titolare del trattamento dei dati Caseificio Zucchelli S.R.L., Cascina Marmorina di Orio Litta LO, P.IVA\u00a004562160152 Dati di contatto: info@caseificiozucchelli.com A tale mail gli interessati potranno rivolgersi per iscritto per l\u2019esercizio dei diritti sanciti dal Reg. Ue 679\/2016. Responsabile del trattamento dei dati Per eventuali domande sulla presente informativa sulla privacy o per esercitare [&#8230;]\n","protected":false},"author":1,"featured_media":0,"parent":0,"menu_order":0,"comment_status":"closed","ping_status":"closed","template":"","meta":{"footnotes":""},"class_list":["post-925","page","type-page","status-publish","hentry"],"yoast_head":"<!-- This site is optimized with the Yoast SEO plugin v25.9 - https:\/\/yoast.com\/wordpress\/plugins\/seo\/ -->\n<title>Privacy Policy - Caseificio Zucchelli<\/title>\n<meta name=\"robots\" content=\"index, follow, max-snippet:-1, max-image-preview:large, max-video-preview:-1\" \/>\n<link rel=\"canonical\" href=\"https:\/\/www.caseificiozucchelli.com\/en\/privacy-policy\/\" \/>\n<meta property=\"og:locale\" content=\"en_US\" \/>\n<meta property=\"og:type\" content=\"article\" \/>\n<meta property=\"og:title\" content=\"Privacy Policy - Caseificio Zucchelli\" \/>\n<meta property=\"og:description\" content=\"Privacy Policy Titolare del trattamento dei dati Caseificio Zucchelli S.R.L., Cascina Marmorina di Orio Litta LO, P.IVA\u00a004562160152 Dati di contatto: info@caseificiozucchelli.com A tale mail gli interessati potranno rivolgersi per iscritto per l\u2019esercizio dei diritti sanciti dal Reg. Ue 679\/2016. Responsabile del trattamento dei dati Per eventuali domande sulla presente informativa sulla privacy o per esercitare [...]\" \/>\n<meta property=\"og:url\" content=\"https:\/\/www.caseificiozucchelli.com\/en\/privacy-policy\/\" \/>\n<meta property=\"og:site_name\" content=\"Caseificio Zucchelli\" \/>\n<meta property=\"article:publisher\" content=\"https:\/\/www.facebook.com\/ZucchelliBottegaDelGusto\/\" \/>\n<meta property=\"article:modified_time\" content=\"2018-05-28T12:50:57+00:00\" \/>\n<meta property=\"og:image\" content=\"https:\/\/www.caseificiozucchelli.com\/wp-content\/uploads\/2018\/10\/Caseificio-Zucchelli-Logo.png\" \/>\n\t<meta property=\"og:image:width\" content=\"900\" \/>\n\t<meta property=\"og:image:height\" content=\"675\" \/>\n\t<meta property=\"og:image:type\" content=\"image\/png\" \/>\n<meta name=\"twitter:card\" content=\"summary_large_image\" \/>\n<meta name=\"twitter:label1\" content=\"Est. reading time\" \/>\n\t<meta name=\"twitter:data1\" content=\"11 minutes\" \/>\n<script type=\"application\/ld+json\" class=\"yoast-schema-graph\">{\"@context\":\"https:\/\/schema.org\",\"@graph\":[{\"@type\":\"WebPage\",\"@id\":\"https:\/\/www.caseificiozucchelli.com\/en\/privacy-policy\/\",\"url\":\"https:\/\/www.caseificiozucchelli.com\/en\/privacy-policy\/\",\"name\":\"Privacy Policy - Caseificio Zucchelli\",\"isPartOf\":{\"@id\":\"https:\/\/www.caseificiozucchelli.com\/#website\"},\"datePublished\":\"2018-05-14T09:51:41+00:00\",\"dateModified\":\"2018-05-28T12:50:57+00:00\",\"breadcrumb\":{\"@id\":\"https:\/\/www.caseificiozucchelli.com\/en\/privacy-policy\/#breadcrumb\"},\"inLanguage\":\"en-US\",\"potentialAction\":[{\"@type\":\"ReadAction\",\"target\":[\"https:\/\/www.caseificiozucchelli.com\/en\/privacy-policy\/\"]}]},{\"@type\":\"BreadcrumbList\",\"@id\":\"https:\/\/www.caseificiozucchelli.com\/en\/privacy-policy\/#breadcrumb\",\"itemListElement\":[{\"@type\":\"ListItem\",\"position\":1,\"name\":\"Home\",\"item\":\"https:\/\/www.caseificiozucchelli.com\/en\/\"},{\"@type\":\"ListItem\",\"position\":2,\"name\":\"Privacy Policy\"}]},{\"@type\":\"WebSite\",\"@id\":\"https:\/\/www.caseificiozucchelli.com\/#website\",\"url\":\"https:\/\/www.caseificiozucchelli.com\/\",\"name\":\"Caseificio Zucchelli\",\"description\":\"La bottega del gusto\",\"publisher\":{\"@id\":\"https:\/\/www.caseificiozucchelli.com\/#organization\"},\"potentialAction\":[{\"@type\":\"SearchAction\",\"target\":{\"@type\":\"EntryPoint\",\"urlTemplate\":\"https:\/\/www.caseificiozucchelli.com\/?s={search_term_string}\"},\"query-input\":{\"@type\":\"PropertyValueSpecification\",\"valueRequired\":true,\"valueName\":\"search_term_string\"}}],\"inLanguage\":\"en-US\"},{\"@type\":\"Organization\",\"@id\":\"https:\/\/www.caseificiozucchelli.com\/#organization\",\"name\":\"Caseificio Zucchelli srl\",\"url\":\"https:\/\/www.caseificiozucchelli.com\/\",\"logo\":{\"@type\":\"ImageObject\",\"inLanguage\":\"en-US\",\"@id\":\"https:\/\/www.caseificiozucchelli.com\/#\/schema\/logo\/image\/\",\"url\":\"https:\/\/www.caseificiozucchelli.com\/wp-content\/uploads\/2018\/10\/Caseificio-Zucchelli-Logo.png\",\"contentUrl\":\"https:\/\/www.caseificiozucchelli.com\/wp-content\/uploads\/2018\/10\/Caseificio-Zucchelli-Logo.png\",\"width\":900,\"height\":675,\"caption\":\"Caseificio Zucchelli srl\"},\"image\":{\"@id\":\"https:\/\/www.caseificiozucchelli.com\/#\/schema\/logo\/image\/\"},\"sameAs\":[\"https:\/\/www.facebook.com\/ZucchelliBottegaDelGusto\/\"]}]}<\/script>\n<!-- \/ Yoast SEO plugin. -->","yoast_head_json":{"title":"Privacy Policy - Caseificio Zucchelli","robots":{"index":"index","follow":"follow","max-snippet":"max-snippet:-1","max-image-preview":"max-image-preview:large","max-video-preview":"max-video-preview:-1"},"canonical":"https:\/\/www.caseificiozucchelli.com\/en\/privacy-policy\/","og_locale":"en_US","og_type":"article","og_title":"Privacy Policy - Caseificio Zucchelli","og_description":"Privacy Policy Titolare del trattamento dei dati Caseificio Zucchelli S.R.L., Cascina Marmorina di Orio Litta LO, P.IVA\u00a004562160152 Dati di contatto: info@caseificiozucchelli.com A tale mail gli interessati potranno rivolgersi per iscritto per l\u2019esercizio dei diritti sanciti dal Reg. Ue 679\/2016. Responsabile del trattamento dei dati Per eventuali domande sulla presente informativa sulla privacy o per esercitare [...]","og_url":"https:\/\/www.caseificiozucchelli.com\/en\/privacy-policy\/","og_site_name":"Caseificio Zucchelli","article_publisher":"https:\/\/www.facebook.com\/ZucchelliBottegaDelGusto\/","article_modified_time":"2018-05-28T12:50:57+00:00","og_image":[{"width":900,"height":675,"url":"https:\/\/www.caseificiozucchelli.com\/wp-content\/uploads\/2018\/10\/Caseificio-Zucchelli-Logo.png","type":"image\/png"}],"twitter_card":"summary_large_image","twitter_misc":{"Est. reading time":"11 minutes"},"schema":{"@context":"https:\/\/schema.org","@graph":[{"@type":"WebPage","@id":"https:\/\/www.caseificiozucchelli.com\/en\/privacy-policy\/","url":"https:\/\/www.caseificiozucchelli.com\/en\/privacy-policy\/","name":"Privacy Policy - Caseificio Zucchelli","isPartOf":{"@id":"https:\/\/www.caseificiozucchelli.com\/#website"},"datePublished":"2018-05-14T09:51:41+00:00","dateModified":"2018-05-28T12:50:57+00:00","breadcrumb":{"@id":"https:\/\/www.caseificiozucchelli.com\/en\/privacy-policy\/#breadcrumb"},"inLanguage":"en-US","potentialAction":[{"@type":"ReadAction","target":["https:\/\/www.caseificiozucchelli.com\/en\/privacy-policy\/"]}]},{"@type":"BreadcrumbList","@id":"https:\/\/www.caseificiozucchelli.com\/en\/privacy-policy\/#breadcrumb","itemListElement":[{"@type":"ListItem","position":1,"name":"Home","item":"https:\/\/www.caseificiozucchelli.com\/en\/"},{"@type":"ListItem","position":2,"name":"Privacy Policy"}]},{"@type":"WebSite","@id":"https:\/\/www.caseificiozucchelli.com\/#website","url":"https:\/\/www.caseificiozucchelli.com\/","name":"Caseificio Zucchelli","description":"La bottega del gusto","publisher":{"@id":"https:\/\/www.caseificiozucchelli.com\/#organization"},"potentialAction":[{"@type":"SearchAction","target":{"@type":"EntryPoint","urlTemplate":"https:\/\/www.caseificiozucchelli.com\/?s={search_term_string}"},"query-input":{"@type":"PropertyValueSpecification","valueRequired":true,"valueName":"search_term_string"}}],"inLanguage":"en-US"},{"@type":"Organization","@id":"https:\/\/www.caseificiozucchelli.com\/#organization","name":"Caseificio Zucchelli srl","url":"https:\/\/www.caseificiozucchelli.com\/","logo":{"@type":"ImageObject","inLanguage":"en-US","@id":"https:\/\/www.caseificiozucchelli.com\/#\/schema\/logo\/image\/","url":"https:\/\/www.caseificiozucchelli.com\/wp-content\/uploads\/2018\/10\/Caseificio-Zucchelli-Logo.png","contentUrl":"https:\/\/www.caseificiozucchelli.com\/wp-content\/uploads\/2018\/10\/Caseificio-Zucchelli-Logo.png","width":900,"height":675,"caption":"Caseificio Zucchelli srl"},"image":{"@id":"https:\/\/www.caseificiozucchelli.com\/#\/schema\/logo\/image\/"},"sameAs":["https:\/\/www.facebook.com\/ZucchelliBottegaDelGusto\/"]}]}},"jetpack_sharing_enabled":true,"_links":{"self":[{"href":"https:\/\/www.caseificiozucchelli.com\/en\/wp-json\/wp\/v2\/pages\/925","targetHints":{"allow":["GET"]}}],"collection":[{"href":"https:\/\/www.caseificiozucchelli.com\/en\/wp-json\/wp\/v2\/pages"}],"about":[{"href":"https:\/\/www.caseificiozucchelli.com\/en\/wp-json\/wp\/v2\/types\/page"}],"author":[{"embeddable":true,"href":"https:\/\/www.caseificiozucchelli.com\/en\/wp-json\/wp\/v2\/users\/1"}],"replies":[{"embeddable":true,"href":"https:\/\/www.caseificiozucchelli.com\/en\/wp-json\/wp\/v2\/comments?post=925"}],"version-history":[{"count":0,"href":"https:\/\/www.caseificiozucchelli.com\/en\/wp-json\/wp\/v2\/pages\/925\/revisions"}],"wp:attachment":[{"href":"https:\/\/www.caseificiozucchelli.com\/en\/wp-json\/wp\/v2\/media?parent=925"}],"curies":[{"name":"wp","href":"https:\/\/api.w.org\/{rel}","templated":true}]}}